{"id":1719,"date":"2024-05-14T15:31:38","date_gmt":"2024-05-14T15:31:38","guid":{"rendered":"https:\/\/endinsaat.com\/?page_id=1719"},"modified":"2026-04-14T13:12:28","modified_gmt":"2026-04-14T13:12:28","slug":"kalite_sertifikalari","status":"publish","type":"page","link":"https:\/\/upendinsaat.com\/en\/hakkimizda\/kalite_sertifikalari\/","title":{"rendered":"Quality Certifications"},"content":{"rendered":"<p><div class=\"fusion-fullwidth fullwidth-box fusion-builder-row-1 fusion-flex-container has-pattern-background has-mask-background nonhundred-percent-fullwidth non-hundred-percent-height-scrolling\" style=\"--awb-border-radius-top-left:0px;--awb-border-radius-top-right:0px;--awb-border-radius-bottom-right:0px;--awb-border-radius-bottom-left:0px;--awb-padding-top:100px;--awb-flex-wrap:wrap;\" ><div class=\"fusion-builder-row fusion-row fusion-flex-align-items-flex-start fusion-flex-content-wrap\" style=\"max-width:1248px;margin-left: calc(-4% \/ 2 );margin-right: calc(-4% \/ 2 );\"><div class=\"fusion-layout-column fusion_builder_column fusion-builder-column-0 fusion_builder_column_1_3 1_3 fusion-flex-column\" style=\"--awb-bg-size:cover;--awb-width-large:33.333333333333%;--awb-spacing-right-large:5.76%;--awb-margin-bottom-large:0px;--awb-spacing-left-large:5.76%;--awb-width-medium:33.333333333333%;--awb-order-medium:0;--awb-spacing-right-medium:5.76%;--awb-spacing-left-medium:5.76%;--awb-width-small:100%;--awb-order-small:0;--awb-spacing-right-small:1.92%;--awb-margin-bottom-small:40px;--awb-spacing-left-small:1.92%;\"><div class=\"fusion-column-wrapper fusion-column-has-shadow fusion-flex-justify-content-flex-start fusion-content-layout-column\"><div class=\"fusion-image-element\" style=\"--awb-caption-title-font-family:var(--h2_typography-font-family);--awb-caption-title-font-weight:var(--h2_typography-font-weight);--awb-caption-title-font-style:var(--h2_typography-font-style);--awb-caption-title-size:var(--h2_typography-font-size);--awb-caption-title-transform:var(--h2_typography-text-transform);--awb-caption-title-line-height:var(--h2_typography-line-height);--awb-caption-title-letter-spacing:var(--h2_typography-letter-spacing);\"><span class=\"fusion-imageframe imageframe-glow imageframe-1 hover-type-zoomin\" style=\"border:20px solid var(--awb-color3);-webkit-box-shadow: 0 0 10px var(--awb-color7);box-shadow: 0 0 10px var(--awb-color7);\"><img decoding=\"async\" width=\"212\" height=\"300\" title=\"UPEND \u0130N\u015eAAT 9001 Kalite Y\u00f6netim sistemi Belgesi\" src=\"https:\/\/upendinsaat.com\/wp-content\/uploads\/2026\/02\/UPEND-INSAAT-9001-Kalite-Yonetim-sistemi-Belgesi.jpg\" data-orig-src=\"https:\/\/upendinsaat.com\/wp-content\/uploads\/2026\/02\/UPEND-INSAAT-9001-Kalite-Yonetim-sistemi-Belgesi-212x300.jpg\" alt class=\"lazyload img-responsive wp-image-3477\" srcset=\"data:image\/svg+xml,%3Csvg%20xmlns%3D%27http%3A%2F%2Fwww.w3.org%2F2000%2Fsvg%27%20width%3D%271653%27%20height%3D%272338%27%20viewBox%3D%270%200%201653%202338%27%3E%3Crect%20width%3D%271653%27%20height%3D%272338%27%20fill-opacity%3D%220%22%2F%3E%3C%2Fsvg%3E\" data-srcset=\"https:\/\/upendinsaat.com\/wp-content\/uploads\/2026\/02\/UPEND-INSAAT-9001-Kalite-Yonetim-sistemi-Belgesi-200x283.jpg 200w, https:\/\/upendinsaat.com\/wp-content\/uploads\/2026\/02\/UPEND-INSAAT-9001-Kalite-Yonetim-sistemi-Belgesi-400x566.jpg 400w, https:\/\/upendinsaat.com\/wp-content\/uploads\/2026\/02\/UPEND-INSAAT-9001-Kalite-Yonetim-sistemi-Belgesi-600x849.jpg 600w, https:\/\/upendinsaat.com\/wp-content\/uploads\/2026\/02\/UPEND-INSAAT-9001-Kalite-Yonetim-sistemi-Belgesi-800x1132.jpg 800w, https:\/\/upendinsaat.com\/wp-content\/uploads\/2026\/02\/UPEND-INSAAT-9001-Kalite-Yonetim-sistemi-Belgesi-1200x1697.jpg 1200w, https:\/\/upendinsaat.com\/wp-content\/uploads\/2026\/02\/UPEND-INSAAT-9001-Kalite-Yonetim-sistemi-Belgesi.jpg 1653w\" data-sizes=\"auto\" data-orig-sizes=\"(max-width: 800px) 100vw, 400px\" \/><\/span><\/div><\/div><\/div><div class=\"fusion-layout-column fusion_builder_column fusion-builder-column-1 fusion_builder_column_1_3 1_3 fusion-flex-column\" style=\"--awb-bg-size:cover;--awb-width-large:33.333333333333%;--awb-spacing-right-large:5.76%;--awb-margin-bottom-large:0px;--awb-spacing-left-large:5.76%;--awb-width-medium:33.333333333333%;--awb-order-medium:0;--awb-spacing-right-medium:5.76%;--awb-spacing-left-medium:5.76%;--awb-width-small:100%;--awb-order-small:0;--awb-spacing-right-small:1.92%;--awb-spacing-left-small:1.92%;\"><div class=\"fusion-column-wrapper fusion-column-has-shadow fusion-flex-justify-content-flex-start fusion-content-layout-column\"><div class=\"fusion-image-element\" style=\"--awb-caption-title-font-family:var(--h2_typography-font-family);--awb-caption-title-font-weight:var(--h2_typography-font-weight);--awb-caption-title-font-style:var(--h2_typography-font-style);--awb-caption-title-size:var(--h2_typography-font-size);--awb-caption-title-transform:var(--h2_typography-text-transform);--awb-caption-title-line-height:var(--h2_typography-line-height);--awb-caption-title-letter-spacing:var(--h2_typography-letter-spacing);\"><span class=\"fusion-imageframe imageframe-glow imageframe-2 hover-type-zoomin\" style=\"border:20px solid var(--awb-color3);-webkit-box-shadow: 0 0 10px var(--awb-color7);box-shadow: 0 0 10px var(--awb-color7);\"><img decoding=\"async\" width=\"212\" height=\"300\" title=\"UPEND \u0130N\u015eAAT 14001 \u00c7evre Y\u00f6netim Sistemi Belgesi\" src=\"https:\/\/upendinsaat.com\/wp-content\/uploads\/2026\/02\/UPEND-INSAAT-14001-Cevre-Yonetim-Sistemi-Belgesi.jpg\" data-orig-src=\"https:\/\/upendinsaat.com\/wp-content\/uploads\/2026\/02\/UPEND-INSAAT-14001-Cevre-Yonetim-Sistemi-Belgesi-212x300.jpg\" alt class=\"lazyload img-responsive wp-image-3476\" srcset=\"data:image\/svg+xml,%3Csvg%20xmlns%3D%27http%3A%2F%2Fwww.w3.org%2F2000%2Fsvg%27%20width%3D%271653%27%20height%3D%272338%27%20viewBox%3D%270%200%201653%202338%27%3E%3Crect%20width%3D%271653%27%20height%3D%272338%27%20fill-opacity%3D%220%22%2F%3E%3C%2Fsvg%3E\" data-srcset=\"https:\/\/upendinsaat.com\/wp-content\/uploads\/2026\/02\/UPEND-INSAAT-14001-Cevre-Yonetim-Sistemi-Belgesi-200x283.jpg 200w, https:\/\/upendinsaat.com\/wp-content\/uploads\/2026\/02\/UPEND-INSAAT-14001-Cevre-Yonetim-Sistemi-Belgesi-400x566.jpg 400w, https:\/\/upendinsaat.com\/wp-content\/uploads\/2026\/02\/UPEND-INSAAT-14001-Cevre-Yonetim-Sistemi-Belgesi-600x849.jpg 600w, https:\/\/upendinsaat.com\/wp-content\/uploads\/2026\/02\/UPEND-INSAAT-14001-Cevre-Yonetim-Sistemi-Belgesi-800x1132.jpg 800w, https:\/\/upendinsaat.com\/wp-content\/uploads\/2026\/02\/UPEND-INSAAT-14001-Cevre-Yonetim-Sistemi-Belgesi-1200x1697.jpg 1200w, https:\/\/upendinsaat.com\/wp-content\/uploads\/2026\/02\/UPEND-INSAAT-14001-Cevre-Yonetim-Sistemi-Belgesi.jpg 1653w\" data-sizes=\"auto\" data-orig-sizes=\"(max-width: 800px) 100vw, 400px\" \/><\/span><\/div><\/div><\/div><div class=\"fusion-layout-column fusion_builder_column fusion-builder-column-2 fusion_builder_column_1_3 1_3 fusion-flex-column\" style=\"--awb-bg-size:cover;--awb-width-large:33.333333333333%;--awb-spacing-right-large:5.76%;--awb-margin-bottom-large:0px;--awb-spacing-left-large:5.76%;--awb-width-medium:33.333333333333%;--awb-order-medium:0;--awb-spacing-right-medium:5.76%;--awb-spacing-left-medium:5.76%;--awb-width-small:100%;--awb-order-small:0;--awb-spacing-right-small:1.92%;--awb-spacing-left-small:1.92%;\"><div class=\"fusion-column-wrapper fusion-column-has-shadow fusion-flex-justify-content-flex-start fusion-content-layout-column\"><div class=\"fusion-image-element\" style=\"--awb-caption-title-font-family:var(--h2_typography-font-family);--awb-caption-title-font-weight:var(--h2_typography-font-weight);--awb-caption-title-font-style:var(--h2_typography-font-style);--awb-caption-title-size:var(--h2_typography-font-size);--awb-caption-title-transform:var(--h2_typography-text-transform);--awb-caption-title-line-height:var(--h2_typography-line-height);--awb-caption-title-letter-spacing:var(--h2_typography-letter-spacing);\"><span class=\"fusion-imageframe imageframe-glow imageframe-3 hover-type-zoomin\" style=\"border:20px solid var(--awb-color3);-webkit-box-shadow: 0 0 10px var(--awb-color7);box-shadow: 0 0 10px var(--awb-color7);\"><img decoding=\"async\" width=\"212\" height=\"300\" title=\"UPEND \u0130N\u015eAAT 45001 \u0130\u015f Sa\u011fl\u0131\u011f\u0131 ve G\u00fcvenli\u011fi Y\u00f6netim Sistemi Sertifikas\u0131\" src=\"https:\/\/upendinsaat.com\/wp-content\/uploads\/2026\/02\/UPEND-INSAAT-45001-Is-Sagligi-ve-Guvenligi-Yonetim-Sistemi-Sertifikasi.jpg\" data-orig-src=\"https:\/\/upendinsaat.com\/wp-content\/uploads\/2026\/02\/UPEND-INSAAT-45001-Is-Sagligi-ve-Guvenligi-Yonetim-Sistemi-Sertifikasi-212x300.jpg\" alt class=\"lazyload img-responsive wp-image-3475\" srcset=\"data:image\/svg+xml,%3Csvg%20xmlns%3D%27http%3A%2F%2Fwww.w3.org%2F2000%2Fsvg%27%20width%3D%271653%27%20height%3D%272338%27%20viewBox%3D%270%200%201653%202338%27%3E%3Crect%20width%3D%271653%27%20height%3D%272338%27%20fill-opacity%3D%220%22%2F%3E%3C%2Fsvg%3E\" data-srcset=\"https:\/\/upendinsaat.com\/wp-content\/uploads\/2026\/02\/UPEND-INSAAT-45001-Is-Sagligi-ve-Guvenligi-Yonetim-Sistemi-Sertifikasi-200x283.jpg 200w, https:\/\/upendinsaat.com\/wp-content\/uploads\/2026\/02\/UPEND-INSAAT-45001-Is-Sagligi-ve-Guvenligi-Yonetim-Sistemi-Sertifikasi-400x566.jpg 400w, https:\/\/upendinsaat.com\/wp-content\/uploads\/2026\/02\/UPEND-INSAAT-45001-Is-Sagligi-ve-Guvenligi-Yonetim-Sistemi-Sertifikasi-600x849.jpg 600w, https:\/\/upendinsaat.com\/wp-content\/uploads\/2026\/02\/UPEND-INSAAT-45001-Is-Sagligi-ve-Guvenligi-Yonetim-Sistemi-Sertifikasi-800x1132.jpg 800w, https:\/\/upendinsaat.com\/wp-content\/uploads\/2026\/02\/UPEND-INSAAT-45001-Is-Sagligi-ve-Guvenligi-Yonetim-Sistemi-Sertifikasi-1200x1697.jpg 1200w, https:\/\/upendinsaat.com\/wp-content\/uploads\/2026\/02\/UPEND-INSAAT-45001-Is-Sagligi-ve-Guvenligi-Yonetim-Sistemi-Sertifikasi.jpg 1653w\" data-sizes=\"auto\" data-orig-sizes=\"(max-width: 800px) 100vw, 400px\" \/><\/span><\/div><\/div><\/div><\/div><\/div><div class=\"fusion-fullwidth fullwidth-box fusion-builder-row-2 fusion-flex-container has-pattern-background has-mask-background nonhundred-percent-fullwidth non-hundred-percent-height-scrolling\" style=\"--awb-border-radius-top-left:0px;--awb-border-radius-top-right:0px;--awb-border-radius-bottom-right:0px;--awb-border-radius-bottom-left:0px;--awb-padding-top:100px;--awb-padding-bottom:100px;--awb-flex-wrap:wrap;\" ><div class=\"fusion-builder-row fusion-row fusion-flex-align-items-flex-start fusion-flex-content-wrap\" style=\"max-width:1248px;margin-left: calc(-4% \/ 2 );margin-right: calc(-4% \/ 2 );\"><div class=\"fusion-layout-column fusion_builder_column fusion-builder-column-3 fusion_builder_column_2_3 2_3 fusion-flex-column\" style=\"--awb-bg-size:cover;--awb-width-large:66.666666666667%;--awb-spacing-right-large:2.88%;--awb-margin-bottom-large:0px;--awb-spacing-left-large:2.88%;--awb-width-medium:66.666666666667%;--awb-order-medium:0;--awb-spacing-right-medium:2.88%;--awb-spacing-left-medium:2.88%;--awb-width-small:100%;--awb-order-small:0;--awb-spacing-right-small:1.92%;--awb-spacing-left-small:1.92%;\"><div class=\"fusion-column-wrapper fusion-column-has-shadow fusion-flex-justify-content-flex-start fusion-content-layout-column\"><div class=\"fusion-title title fusion-title-1 fusion-sep-none fusion-title-text fusion-title-size-four\" style=\"--awb-margin-bottom:30px;--awb-margin-top-small:10px;--awb-margin-right-small:0px;--awb-margin-bottom-small:10px;--awb-margin-left-small:0px;\"><h4 class=\"fusion-title-heading title-heading-left fusion-responsive-typography-calculated\" style=\"margin:0;text-transform:capitalize;--fontSize:30;line-height:1.4;\">Continuity, Reliability, and Superior Execution<\/h4><\/div><div class=\"fusion-text fusion-text-1 fusion-text-no-margin\" style=\"--awb-margin-bottom:60px;\"><p class=\"translation-block\">As UPEND Construction, we operate with an approach that adopts the highest quality standards in the construction and contracting sector. We certify this commitment with internationally recognized certifications and implement disciplined quality control processes at every stage of each project.<\/p>\n<h4 data-start=\"671\" data-end=\"719\"><strong data-start=\"675\" data-end=\"717\">ISO 9001 \u2013 Quality Management System<\/strong><\/h4>\n<p data-start=\"720\" data-end=\"1096\" class=\"translation-block\">This certification demonstrates that our company structures its quality management systems in accordance with international standards and manages its processes based on continuous improvement principles. Systematically meeting customer expectations and continuously enhancing process performance form the foundation of our quality policy.<\/p>\n<h4 data-start=\"1098\" data-end=\"1141\"><strong data-start=\"1102\" data-end=\"1139\">ISO 14001 \u2013 Environmental Management System<\/strong><\/h4>\n<p data-start=\"1142\" data-end=\"1466\" class=\"translation-block\">Controlling environmental impacts and implementing sustainable practices are among our company\u2019s top priorities. This certification ensures environmental awareness and the improvement of environmental performance in our projects, while the effectiveness of our environmental management system is secured in accordance with international standards.<\/p>\n<h4 data-start=\"1468\" data-end=\"1529\"><strong data-start=\"1472\" data-end=\"1527\">ISO 45001 \u2013 Occupational Health and Safety Management System<\/strong><\/h4>\n<p data-start=\"1530\" data-end=\"1831\" class=\"translation-block\">The health and safety of our employees and all stakeholders on site are at the core of our processes. The ISO 45001 certification verifies that our occupational health and safety management system is conducted according to the principles of risk identification, prevention, and continuous improvement.<\/p>\n<\/div><div class=\"fusion-title title fusion-title-2 fusion-sep-none fusion-title-text fusion-title-size-four\" style=\"--awb-margin-bottom:30px;--awb-margin-top-small:10px;--awb-margin-right-small:0px;--awb-margin-bottom-small:10px;--awb-margin-left-small:0px;\"><h4 class=\"fusion-title-heading title-heading-left fusion-responsive-typography-calculated\" style=\"margin:0;text-transform:capitalize;--fontSize:30;line-height:1.4;\">Our Quality Approach<\/h4><\/div><div class=\"fusion-text fusion-text-2\"><p class=\"translation-block\">For UPEND Construction, quality is not just a certificate; it is a process followed in every project and a discipline applied at every stage. These certifications demonstrate that quality standards are continuously ensured, from on-site practices to project workflows, allowing us to provide our clients with transparency, trust, and sustainable excellence.<\/p>\n<\/div><\/div><\/div><div class=\"fusion-layout-column fusion_builder_column fusion-builder-column-4 awb-sticky awb-sticky-medium awb-sticky-large fusion_builder_column_1_3 1_3 fusion-flex-column\" style=\"--awb-bg-size:cover;--awb-width-large:33.333333333333%;--awb-spacing-right-large:5.76%;--awb-margin-bottom-large:0px;--awb-spacing-left-large:5.76%;--awb-width-medium:33.333333333333%;--awb-order-medium:0;--awb-spacing-right-medium:5.76%;--awb-spacing-left-medium:5.76%;--awb-width-small:100%;--awb-order-small:0;--awb-margin-top-small:60px;--awb-spacing-right-small:1.92%;--awb-spacing-left-small:1.92%;--awb-sticky-offset:160px;\"><div class=\"fusion-column-wrapper fusion-column-has-shadow fusion-flex-justify-content-flex-start fusion-content-layout-column\"><div ><a class=\"fusion-button button-3d fusion-button-default-size button-default fusion-button-default button-1 fusion-button-span-yes\" style=\"--awb-margin-bottom:20px;--awb-padding-top:20px;--awb-padding-right:36px;--awb-padding-bottom:22px;--button-border-radius-top-left:30px;--button-border-radius-top-right:30px;--button-border-radius-bottom-right:30px;--button-border-radius-bottom-left:30px;--button_font_size:18px;\" target=\"lightbox\" rel=\"iLightbox\" data-hover=\"bg_slide_left\" href=\"https:\/\/upendinsaat.com\/wp-content\/uploads\/2026\/02\/UPEND-INSAAT-9001-Kalite-Yonetim-sistemi-Belgesi.jpg\"><span class=\"fusion-button-text awb-button__text awb-button__text--default\">ISO 9001 \u2013 Quality Management System<\/span><i class=\"awb-factoryarrow-right awb-button__icon awb-button__icon--default button-icon-right\" aria-hidden=\"true\"><\/i><\/a><\/div><div ><a class=\"fusion-button button-3d fusion-button-default-size button-default fusion-button-default button-2 fusion-button-span-yes\" style=\"--awb-margin-bottom:20px;--awb-padding-top:20px;--awb-padding-right:36px;--awb-padding-bottom:22px;--awb-padding-left:36px;--button-border-radius-top-left:30px;--button-border-radius-top-right:30px;--button-border-radius-bottom-right:30px;--button-border-radius-bottom-left:30px;--button_font_size:18px;\" target=\"lightbox\" rel=\"iLightbox\" data-hover=\"bg_slide_left\" href=\"https:\/\/upendinsaat.com\/wp-content\/uploads\/2026\/02\/UPEND-INSAAT-14001-Cevre-Yonetim-Sistemi-Belgesi.jpg\"><span class=\"fusion-button-text awb-button__text awb-button__text--default\">ISO 14001 \u2013 Environmental Management System<\/span><i class=\"awb-factoryarrow-right awb-button__icon awb-button__icon--default button-icon-right\" aria-hidden=\"true\"><\/i><\/a><\/div><div ><a class=\"fusion-button button-3d fusion-button-default-size button-default fusion-button-default button-3 fusion-button-span-yes\" style=\"--awb-margin-bottom:20px;--awb-padding-top:20px;--awb-padding-right:36px;--awb-padding-bottom:22px;--awb-padding-left:36px;--button-border-radius-top-left:30px;--button-border-radius-top-right:30px;--button-border-radius-bottom-right:30px;--button-border-radius-bottom-left:30px;--button_font_size:18px;\" target=\"lightbox\" rel=\"iLightbox\" data-hover=\"bg_slide_left\" href=\"https:\/\/upendinsaat.com\/wp-content\/uploads\/2026\/02\/UPEND-INSAAT-45001-Is-Sagligi-ve-Guvenligi-Yonetim-Sistemi-Sertifikasi.jpg\"><span class=\"fusion-button-text awb-button__text awb-button__text--default\">ISO 45001 \u2013 Occupational Health and Safety Management System<\/span><i class=\"awb-factoryarrow-right awb-button__icon awb-button__icon--default button-icon-right\" aria-hidden=\"true\"><\/i><\/a><\/div><\/div><\/div><\/div><\/div><div class=\"fusion-fullwidth fullwidth-box fusion-builder-row-3 fusion-flex-container has-pattern-background has-mask-background hundred-percent-fullwidth non-hundred-percent-height-scrolling\" style=\"--awb-border-color:hsla(var(--awb-color7-h),var(--awb-color7-s),var(--awb-color7-l),calc(var(--awb-color7-a) - 50%));--awb-border-radius-top-left:0px;--awb-border-radius-top-right:0px;--awb-border-radius-bottom-right:0px;--awb-border-radius-bottom-left:0px;--awb-padding-top:40px;--awb-padding-bottom:40px;--awb-background-color:var(--awb-color8);--awb-flex-wrap:wrap;\" ><div class=\"fusion-builder-row fusion-row fusion-flex-align-items-flex-start fusion-flex-justify-content-center fusion-flex-content-wrap\" style=\"width:104% !important;max-width:104% !important;margin-left: calc(-4% \/ 2 );margin-right: calc(-4% \/ 2 );\"><div class=\"fusion-layout-column fusion_builder_column fusion-builder-column-5 fusion_builder_column_1_3 1_3 fusion-flex-column fusion-flex-align-self-flex-end fusion-column-inner-bg-wrapper fusion-column-liftup-border\" style=\"--awb-padding-top:30px;--awb-padding-bottom:30px;--awb-padding-right-medium:30px;--awb-padding-left-medium:30px;--awb-overflow:hidden;--awb-inner-bg-color:hsla(var(--awb-color8-h),var(--awb-color8-s),calc(var(--awb-color8-l) + 6%),var(--awb-color8-a));--awb-inner-bg-color-hover:hsla(var(--awb-color4-h),var(--awb-color4-s),calc(var(--awb-color4-l) - 20%),var(--awb-color4-a));--awb-inner-bg-size:cover;--awb-border-color:hsla(var(--awb-color7-h),var(--awb-color7-s),var(--awb-color7-l),calc(var(--awb-color7-a) - 50%));--awb-inner-border-color:hsla(var(--awb-color7-h),var(--awb-color7-s),var(--awb-color7-l),calc(var(--awb-color7-a) - 50%));--awb-border-color-hover:var(--awb-color5);--awb-inner-border-color-hover:var(--awb-color5);--awb-border-style:solid;--awb-inner-border-style:solid;--awb-border-radius:30px 30px 30px 30px;--awb-liftup-border-radius:30px 30px 30px 30px;--awb-width-large:33.333333333333%;--awb-spacing-right-large:5.76%;--awb-margin-bottom-large:0px;--awb-spacing-left-large:5.76%;--awb-width-medium:33.333333333333%;--awb-order-medium:0;--awb-spacing-right-medium:5.76%;--awb-spacing-left-medium:5.76%;--awb-width-small:100%;--awb-order-small:0;--awb-spacing-right-small:1.92%;--awb-margin-bottom-small:30px;--awb-spacing-left-small:1.92%;\"><span class=\"fusion-column-inner-bg hover-type-liftup\"><a class=\"fusion-column-anchor\" href=\"https:\/\/upendinsaat.com\/wp-content\/uploads\/2025\/12\/UPEND_Construction_Catalog_2024.pdf\" data-rel=\"iLightbox\"><span class=\"fusion-column-inner-bg-image\"><\/span><\/a><\/span><div class=\"fusion-column-wrapper fusion-flex-justify-content-center fusion-content-layout-row\"><a class=\"fb-icon-element-1 fb-icon-element fontawesome-icon awb-factorydownload circle-no fusion-link\" style=\"--awb-iconcolor:hsla(var(--awb-color4-h),var(--awb-color4-s),calc(var(--awb-color4-l) + 15%),var(--awb-color4-a));--awb-iconcolor-hover:var(--awb-color5);--awb-font-size:28px;--awb-align-self:center;--awb-margin-top:0px;--awb-margin-right:20px;--awb-margin-bottom:0px;--awb-margin-left:0px;\" href=\"#\" target=\"_self\" aria-label=\"Link to #\"><\/a><div class=\"fusion-title title fusion-title-3 fusion-sep-none fusion-title-center fusion-title-text fusion-title-size-six fusion-text-has-stroke\" style=\"--awb-text-color:var(--awb-color1);--awb-margin-bottom:0px;--awb-margin-top-small:10px;--awb-margin-right-small:0px;--awb-margin-bottom-small:10px;--awb-margin-left-small:0px;--awb-text-stroke-color:var(--awb-color1);--awb-font-size:19px;\"><h6 class=\"fusion-title-heading title-heading-center fusion-responsive-typography-calculated\" style=\"font-family:var(--awb-custom_typography_1-font-family);font-weight:var(--awb-custom_typography_1-font-weight);font-style:var(--awb-custom_typography_1-font-style);margin:0;letter-spacing:var(--awb-custom_typography_1-letter-spacing);text-transform:var(--awb-custom_typography_1-text-transform);font-size:1em;--fontSize:19;--minFontSize:19;line-height:var(--awb-custom_typography_1-line-height);\">UPEND Construction Portfolio \u2013 PDF<\/h6><\/div><\/div><\/div><div class=\"fusion-layout-column fusion_builder_column fusion-builder-column-6 fusion_builder_column_1_3 1_3 fusion-flex-column fusion-flex-align-self-flex-end fusion-column-inner-bg-wrapper fusion-column-liftup-border\" style=\"--awb-padding-top:30px;--awb-padding-bottom:30px;--awb-padding-right-medium:30px;--awb-padding-left-medium:30px;--awb-overflow:hidden;--awb-inner-bg-color:hsla(var(--awb-color8-h),var(--awb-color8-s),calc(var(--awb-color8-l) + 6%),var(--awb-color8-a));--awb-inner-bg-color-hover:hsla(var(--awb-color4-h),var(--awb-color4-s),calc(var(--awb-color4-l) - 20%),var(--awb-color4-a));--awb-inner-bg-size:cover;--awb-border-color:hsla(var(--awb-color7-h),var(--awb-color7-s),var(--awb-color7-l),calc(var(--awb-color7-a) - 50%));--awb-inner-border-color:hsla(var(--awb-color7-h),var(--awb-color7-s),var(--awb-color7-l),calc(var(--awb-color7-a) - 50%));--awb-border-color-hover:var(--awb-color5);--awb-inner-border-color-hover:var(--awb-color5);--awb-border-style:solid;--awb-inner-border-style:solid;--awb-border-radius:30px 30px 30px 30px;--awb-liftup-border-radius:30px 30px 30px 30px;--awb-width-large:33.333333333333%;--awb-spacing-right-large:5.76%;--awb-margin-bottom-large:0px;--awb-spacing-left-large:5.76%;--awb-width-medium:33.333333333333%;--awb-order-medium:0;--awb-spacing-right-medium:5.76%;--awb-spacing-left-medium:5.76%;--awb-width-small:100%;--awb-order-small:0;--awb-spacing-right-small:1.92%;--awb-margin-bottom-small:30px;--awb-spacing-left-small:1.92%;\"><span class=\"fusion-column-inner-bg hover-type-liftup\"><a class=\"fusion-column-anchor\" href=\"https:\/\/upendinsaat.com\/wp-content\/uploads\/2025\/12\/2026_upEND_Projects_Reference_List.pdf\" data-rel=\"iLightbox\"><span class=\"fusion-column-inner-bg-image\"><\/span><\/a><\/span><div class=\"fusion-column-wrapper fusion-flex-justify-content-center fusion-content-layout-row\"><a class=\"fb-icon-element-2 fb-icon-element fontawesome-icon awb-factorydownload circle-no fusion-link\" style=\"--awb-iconcolor:hsla(var(--awb-color4-h),var(--awb-color4-s),calc(var(--awb-color4-l) + 15%),var(--awb-color4-a));--awb-iconcolor-hover:var(--awb-color5);--awb-font-size:28px;--awb-align-self:center;--awb-margin-top:0px;--awb-margin-right:20px;--awb-margin-bottom:0px;--awb-margin-left:0px;\" href=\"#\" target=\"_self\" aria-label=\"Link to #\"><\/a><div class=\"fusion-title title fusion-title-4 fusion-sep-none fusion-title-center fusion-title-text fusion-title-size-six fusion-text-has-stroke\" style=\"--awb-text-color:var(--awb-color1);--awb-margin-bottom:0px;--awb-margin-top-small:10px;--awb-margin-right-small:0px;--awb-margin-bottom-small:10px;--awb-margin-left-small:0px;--awb-text-stroke-color:var(--awb-color1);--awb-font-size:19px;\"><h6 class=\"fusion-title-heading title-heading-center fusion-responsive-typography-calculated\" style=\"font-family:var(--awb-custom_typography_1-font-family);font-weight:var(--awb-custom_typography_1-font-weight);font-style:var(--awb-custom_typography_1-font-style);margin:0;letter-spacing:var(--awb-custom_typography_1-letter-spacing);text-transform:var(--awb-custom_typography_1-text-transform);font-size:1em;--fontSize:19;--minFontSize:19;line-height:var(--awb-custom_typography_1-line-height);\">UPEND Construction Reference List<\/h6><\/div><\/div><\/div><\/div><\/div><\/p>","protected":false},"excerpt":{"rendered":"","protected":false},"author":1,"featured_media":178,"parent":1233,"menu_order":0,"comment_status":"closed","ping_status":"closed","template":"100-width.php","meta":{"_acf_changed":false,"footnotes":""},"class_list":["post-1719","page","type-page","status-publish","has-post-thumbnail","hentry"],"acf":[],"_links":{"self":[{"href":"https:\/\/upendinsaat.com\/en\/wp-json\/wp\/v2\/pages\/1719","targetHints":{"allow":["GET"]}}],"collection":[{"href":"https:\/\/upendinsaat.com\/en\/wp-json\/wp\/v2\/pages"}],"about":[{"href":"https:\/\/upendinsaat.com\/en\/wp-json\/wp\/v2\/types\/page"}],"author":[{"embeddable":true,"href":"https:\/\/upendinsaat.com\/en\/wp-json\/wp\/v2\/users\/1"}],"replies":[{"embeddable":true,"href":"https:\/\/upendinsaat.com\/en\/wp-json\/wp\/v2\/comments?post=1719"}],"version-history":[{"count":23,"href":"https:\/\/upendinsaat.com\/en\/wp-json\/wp\/v2\/pages\/1719\/revisions"}],"predecessor-version":[{"id":4048,"href":"https:\/\/upendinsaat.com\/en\/wp-json\/wp\/v2\/pages\/1719\/revisions\/4048"}],"up":[{"embeddable":true,"href":"https:\/\/upendinsaat.com\/en\/wp-json\/wp\/v2\/pages\/1233"}],"wp:featuredmedia":[{"embeddable":true,"href":"https:\/\/upendinsaat.com\/en\/wp-json\/wp\/v2\/media\/178"}],"wp:attachment":[{"href":"https:\/\/upendinsaat.com\/en\/wp-json\/wp\/v2\/media?parent=1719"}],"curies":[{"name":"wp","href":"https:\/\/api.w.org\/{rel}","templated":true}]}}